{"id":39,"date":"2025-02-27T12:32:59","date_gmt":"2025-02-27T12:32:59","guid":{"rendered":"https:\/\/mecharge.nl\/?page_id=39"},"modified":"2025-03-11T12:57:54","modified_gmt":"2025-03-11T12:57:54","slug":"home","status":"publish","type":"page","link":"https:\/\/mecharge.nl\/","title":{"rendered":"Home"},"content":{"rendered":"<div class=\"wpb-content-wrapper\"><p>[vc_row row_height_percent=&#8221;0&#8243; override_padding=&#8221;yes&#8221; h_padding=&#8221;2&#8243; top_padding=&#8221;5&#8243; bottom_padding=&#8221;5&#8243; overlay_alpha=&#8221;50&#8243; gutter_size=&#8221;3&#8243; column_width_use_pixel=&#8221;yes&#8221; shift_y=&#8221;0&#8243; z_index=&#8221;0&#8243; content_parallax=&#8221;0&#8243; uncode_shortcode_id=&#8221;183402&#8243; column_width_pixel=&#8221;1200&#8243;][vc_column column_width_percent=&#8221;100&#8243; position_vertical=&#8221;bottom&#8221; gutter_size=&#8221;3&#8243; overlay_alpha=&#8221;50&#8243; shift_x=&#8221;0&#8243; shift_y=&#8221;0&#8243; shift_y_down=&#8221;0&#8243; z_index=&#8221;0&#8243; medium_width=&#8221;0&#8243; mobile_width=&#8221;0&#8243; width=&#8221;1\/1&#8243; uncode_shortcode_id=&#8221;130768&#8243;][vc_row_inner row_inner_height_percent=&#8221;0&#8243; overlay_alpha=&#8221;50&#8243; gutter_size=&#8221;3&#8243; shift_y=&#8221;0&#8243; z_index=&#8221;0&#8243; limit_content=&#8221;&#8221; uncode_shortcode_id=&#8221;543678&#8243;][vc_column_inner column_width_percent=&#8221;100&#8243; gutter_size=&#8221;3&#8243; overlay_alpha=&#8221;50&#8243; shift_x=&#8221;0&#8243; shift_y=&#8221;0&#8243; shift_y_down=&#8221;0&#8243; z_index=&#8221;0&#8243; medium_width=&#8221;2&#8243; mobile_width=&#8221;4&#8243; width=&#8221;3\/12&#8243; uncode_shortcode_id=&#8221;956625&#8243;][vc_custom_heading text_color=&#8221;color-rgdb&#8221; heading_semantic=&#8221;h1&#8243; text_size=&#8221;fontsize-935459&#8243; text_transform=&#8221;uppercase&#8221; uncode_shortcode_id=&#8221;196288&#8243; text_color_type=&#8221;uncode-palette&#8221;]Onze missie[\/vc_custom_heading][vc_custom_heading text_color=&#8221;accent&#8221; text_size=&#8221;custom&#8221; text_weight=&#8221;700&#8243; uncode_shortcode_id=&#8221;929891&#8243; text_color_type=&#8221;uncode-palette&#8221; heading_custom_size=&#8221;55&#8243;]Plug and Play[\/vc_custom_heading][\/vc_column_inner][vc_column_inner column_width_percent=&#8221;100&#8243; gutter_size=&#8221;3&#8243; overlay_alpha=&#8221;50&#8243; shift_x=&#8221;0&#8243; shift_y=&#8221;0&#8243; shift_y_down=&#8221;0&#8243; z_index=&#8221;0&#8243; medium_width=&#8221;0&#8243; mobile_width=&#8221;0&#8243; width=&#8221;1\/12&#8243; uncode_shortcode_id=&#8221;905052&#8243;][\/vc_column_inner][vc_column_inner column_width_percent=&#8221;100&#8243; gutter_size=&#8221;4&#8243; overlay_alpha=&#8221;50&#8243; shift_x=&#8221;0&#8243; shift_y=&#8221;0&#8243; shift_y_down=&#8221;0&#8243; z_index=&#8221;0&#8243; medium_width=&#8221;6&#8243; mobile_width=&#8221;7&#8243; toggle=&#8221;yes&#8221; max_height=&#8221;30vh&#8221; closed_txt=&#8221;Lees meer&#8221; btn_margin=&#8221;lg&#8221; open_txt=&#8221;Klap dicht&#8221; btn_margin_open=&#8221;lg&#8221; fade=&#8221;sm&#8221; btn_align=&#8221;left&#8221; toggle_scroll=&#8221;yes&#8221; toggle_navbar=&#8221;yes&#8221; toggle_navbar_mobile=&#8221;yes&#8221; trigger_resize=&#8221;yes&#8221; width=&#8221;8\/12&#8243; uncode_shortcode_id=&#8221;566458&#8243; toggle_classes=&#8221;h3 btn-underline-in btn-custom-typo font-846016 font-weight-400 text-initial no-letterspace btn-no-scale&#8221;][vc_custom_heading text_color=&#8221;color-rgdb&#8221; heading_semantic=&#8221;p&#8221; text_size=&#8221;custom&#8221; text_weight=&#8221;400&#8243; uncode_shortcode_id=&#8221;373959&#8243; heading_custom_size=&#8221;clamp(16px,4vw,16px)&#8221; text_color_type=&#8221;uncode-palette&#8221;]Kiezen jouw medewerkers voor een auto voor de deur of check-in op het station? Pakken ze de fiets of de e-scooter? Wil je reiskosten gemakkelijk declareren in \u00e9\u00e9n app? En de meest complete mobiliteitskaart aanbieden? Maak dit via \u00e9\u00e9n partij mogelijk: ontdek d\u00e9 nieuwe aanpak van zakelijke mobiliteit waarbij bijna alles mogelijk is.<br \/>\nKiezen jouw medewerkers voor een auto voor de deur of check-in op het station? Pakken ze de fiets of de e-scooter? Wil je reiskosten gemakkelijk declareren in \u00e9\u00e9n app? En de meest complete mobiliteitskaart aanbieden? Maak dit via \u00e9\u00e9n partij mogelijk: ontdek d\u00e9 nieuwe aanpak van zakelijke mobiliteit waarbij bijna alles mogelijk is.[\/vc_custom_heading][\/vc_column_inner][\/vc_row_inner][\/vc_column][\/vc_row][vc_row row_height_percent=&#8221;0&#8243; override_padding=&#8221;yes&#8221; h_padding=&#8221;2&#8243; top_padding=&#8221;5&#8243; bottom_padding=&#8221;5&#8243; back_color=&#8221;color-xsdn&#8221; overlay_alpha=&#8221;50&#8243; equal_height=&#8221;justify&#8221; gutter_size=&#8221;3&#8243; column_width_use_pixel=&#8221;yes&#8221; shift_y=&#8221;0&#8243; z_index=&#8221;0&#8243; content_parallax=&#8221;0&#8243; uncode_shortcode_id=&#8221;702822&#8243; back_color_type=&#8221;uncode-palette&#8221; column_width_pixel=&#8221;1200&#8243;][vc_column column_width_percent=&#8221;100&#8243; position_vertical=&#8221;justify&#8221; gutter_size=&#8221;3&#8243; style=&#8221;light&#8221; back_color=&#8221;color-wayh&#8221; back_image=&#8221;19&#8243; back_position=&#8221;left top&#8221; overlay_color=&#8221;color-wayh&#8221; overlay_alpha=&#8221;10&#8243; radius=&#8221;hg&#8221; shift_x=&#8221;0&#8243; shift_y=&#8221;0&#8243; shift_y_down=&#8221;0&#8243; z_index=&#8221;0&#8243; medium_width=&#8221;7&#8243; mobile_width=&#8221;0&#8243; width=&#8221;1\/2&#8243; uncode_shortcode_id=&#8221;172615&#8243; back_color_type=&#8221;uncode-palette&#8221; overlay_color_type=&#8221;uncode-palette&#8221;][vc_row_inner limit_content=&#8221;&#8221;][vc_column_inner column_width_percent=&#8221;100&#8243; gutter_size=&#8221;2&#8243; style=&#8221;dark&#8221; overlay_alpha=&#8221;50&#8243; shift_x=&#8221;0&#8243; shift_y=&#8221;0&#8243; shift_y_down=&#8221;0&#8243; z_index=&#8221;0&#8243; medium_width=&#8221;0&#8243; mobile_width=&#8221;0&#8243; width=&#8221;1\/1&#8243; uncode_shortcode_id=&#8221;492113&#8243;][vc_single_image media=&#8221;19&#8243; media_width_use_pixel=&#8221;yes&#8221; media_ratio=&#8221;one-one&#8221; shape=&#8221;img-circle&#8221; uncode_shortcode_id=&#8221;202128&#8243; media_width_pixel=&#8221;80&#8243;][vc_custom_heading heading_semantic=&#8221;h6&#8243; text_size=&#8221;h3&#8243; uncode_shortcode_id=&#8221;204343&#8243;]\u201c Long headline to turn your visitors into users \u201d[\/vc_custom_heading][\/vc_column_inner][\/vc_row_inner][vc_custom_heading heading_semantic=&#8221;h6&#8243; text_size=&#8221;h4&#8243; sub_reduced=&#8221;yes&#8221; uncode_shortcode_id=&#8221;186482&#8243; subheading=&#8221;Change the color to match your brand&#8221;]Medium length headline[\/vc_custom_heading][\/vc_column][vc_column column_width_percent=&#8221;100&#8243; gutter_size=&#8221;3&#8243; overlay_alpha=&#8221;50&#8243; shift_x=&#8221;0&#8243; shift_y=&#8221;0&#8243; shift_y_down=&#8221;0&#8243; z_index=&#8221;0&#8243; medium_width=&#8221;4&#8243; mobile_width=&#8221;0&#8243; width=&#8221;1\/4&#8243; uncode_shortcode_id=&#8221;130322&#8243;][vc_single_image media=&#8221;46&#8243; media_width_percent=&#8221;100&#8243; media_ratio=&#8221;one-one&#8221; shape=&#8221;img-round&#8221; radius=&#8221;hg&#8221; uncode_shortcode_id=&#8221;552154&#8243;][vc_row_inner row_inner_height_percent=&#8221;100&#8243; overlay_alpha=&#8221;50&#8243; gutter_size=&#8221;3&#8243; shift_y=&#8221;0&#8243; z_index=&#8221;0&#8243; limit_content=&#8221;&#8221; uncode_shortcode_id=&#8221;121501&#8243;][vc_column_inner column_width_percent=&#8221;100&#8243; position_vertical=&#8221;justify&#8221; gutter_size=&#8221;3&#8243; back_color=&#8221;color-gyho&#8221; overlay_alpha=&#8221;50&#8243; radius=&#8221;hg&#8221; shift_x=&#8221;0&#8243; shift_y=&#8221;0&#8243; shift_y_down=&#8221;0&#8243; z_index=&#8221;0&#8243; medium_width=&#8221;0&#8243; mobile_width=&#8221;0&#8243; width=&#8221;1\/1&#8243; uncode_shortcode_id=&#8221;107601&#8243; back_color_type=&#8221;uncode-palette&#8221;][uncode_counter value=&#8221;3&#8243; counter_color=&#8221;&#8221; size=&#8221;fontsize-143085&#8243; weight=&#8221;600&#8243; uncode_shortcode_id=&#8221;164118&#8243; suffix=&#8221;x&#8221;][vc_empty_space empty_h=&#8221;3&#8243;][vc_custom_heading heading_semantic=&#8221;h6&#8243; text_size=&#8221;h4&#8243; text_weight=&#8221;400&#8243; uncode_shortcode_id=&#8221;130537&#8243;]Change the color to match your brand or vision, add your logo, choose the perfect layout, modify menu settings and more.[\/vc_custom_heading][\/vc_column_inner][\/vc_row_inner][\/vc_column][vc_column column_width_percent=&#8221;100&#8243; gutter_size=&#8221;3&#8243; overlay_alpha=&#8221;50&#8243; shift_x=&#8221;0&#8243; shift_y=&#8221;0&#8243; shift_y_down=&#8221;0&#8243; z_index=&#8221;0&#8243; medium_width=&#8221;4&#8243; mobile_width=&#8221;0&#8243; width=&#8221;1\/4&#8243; uncode_shortcode_id=&#8221;109621&#8243;][vc_row_inner row_inner_height_percent=&#8221;100&#8243; overlay_alpha=&#8221;50&#8243; gutter_size=&#8221;3&#8243; shift_y=&#8221;0&#8243; z_index=&#8221;0&#8243; limit_content=&#8221;&#8221; uncode_shortcode_id=&#8221;108187&#8243;][vc_column_inner column_width_percent=&#8221;100&#8243; position_vertical=&#8221;justify&#8221; gutter_size=&#8221;3&#8243; back_color=&#8221;color-gyho&#8221; overlay_alpha=&#8221;50&#8243; radius=&#8221;hg&#8221; shift_x=&#8221;0&#8243; shift_y=&#8221;0&#8243; shift_y_down=&#8221;0&#8243; z_index=&#8221;0&#8243; medium_width=&#8221;0&#8243; mobile_width=&#8221;0&#8243; width=&#8221;1\/1&#8243; uncode_shortcode_id=&#8221;833071&#8243; back_color_type=&#8221;uncode-palette&#8221;][uncode_counter value=&#8221;98&#8243; counter_color=&#8221;&#8221; size=&#8221;fontsize-143085&#8243; weight=&#8221;600&#8243; uncode_shortcode_id=&#8221;186052&#8243; suffix=&#8221;%&#8221;][vc_empty_space empty_h=&#8221;3&#8243;][vc_custom_heading heading_semantic=&#8221;h6&#8243; text_size=&#8221;h4&#8243; text_weight=&#8221;400&#8243; uncode_shortcode_id=&#8221;214013&#8243;]Change the color to match your brand or vision, add your logo, choose the perfect layout, modify menu settings and more.[\/vc_custom_heading][\/vc_column_inner][\/vc_row_inner][vc_single_image media=&#8221;59&#8243; media_width_percent=&#8221;100&#8243; media_ratio=&#8221;one-one&#8221; shape=&#8221;img-round&#8221; radius=&#8221;hg&#8221; uncode_shortcode_id=&#8221;149381&#8243;][\/vc_column][\/vc_row][vc_row row_height_percent=&#8221;50&#8243; override_padding=&#8221;yes&#8221; h_padding=&#8221;2&#8243; top_padding=&#8221;5&#8243; bottom_padding=&#8221;5&#8243; overlay_alpha=&#8221;50&#8243; gutter_size=&#8221;3&#8243; column_width_use_pixel=&#8221;yes&#8221; shift_y=&#8221;0&#8243; z_index=&#8221;0&#8243; content_parallax=&#8221;0&#8243; uncode_shortcode_id=&#8221;563326&#8243; column_width_pixel=&#8221;1200&#8243;][vc_column column_width_use_pixel=&#8221;yes&#8221; position_vertical=&#8221;middle&#8221; align_horizontal=&#8221;align_center&#8221; gutter_size=&#8221;3&#8243; overlay_alpha=&#8221;50&#8243; shift_x=&#8221;0&#8243; shift_y=&#8221;0&#8243; shift_y_down=&#8221;0&#8243; z_index=&#8221;0&#8243; medium_width=&#8221;0&#8243; mobile_width=&#8221;0&#8243; width=&#8221;1\/1&#8243; column_width_pixel=&#8221;900&#8243; uncode_shortcode_id=&#8221;138745&#8243;][vc_custom_heading text_color=&#8221;accent&#8221; heading_semantic=&#8221;h6&#8243; text_size=&#8221;fontsize-935459&#8243; text_transform=&#8221;uppercase&#8221; uncode_shortcode_id=&#8221;932616&#8243; text_color_type=&#8221;uncode-palette&#8221;]Jouw voordeel[\/vc_custom_heading][vc_custom_heading heading_semantic=&#8221;h3&#8243; text_size=&#8221;fontsize-639635&#8243;]Change the color to match your brand or vision, add your logo, choose the perfect layout, modify menu settings and more[\/vc_custom_heading][\/vc_column][\/vc_row][vc_row row_height_percent=&#8221;0&#8243; override_padding=&#8221;yes&#8221; h_padding=&#8221;2&#8243; top_padding=&#8221;5&#8243; bottom_padding=&#8221;5&#8243; overlay_alpha=&#8221;50&#8243; gutter_size=&#8221;3&#8243; column_width_percent=&#8221;100&#8243; shift_y=&#8221;0&#8243; z_index=&#8221;0&#8243; uncode_shortcode_id=&#8221;163199&#8243;][vc_column column_width_percent=&#8221;100&#8243; align_horizontal=&#8221;align_center&#8221; gutter_size=&#8221;3&#8243; overlay_alpha=&#8221;50&#8243; shift_x=&#8221;0&#8243; shift_y=&#8221;0&#8243; shift_y_down=&#8221;0&#8243; z_index=&#8221;0&#8243; medium_width=&#8221;0&#8243; mobile_width=&#8221;0&#8243; width=&#8221;1\/1&#8243; uncode_shortcode_id=&#8221;385121&#8243;][vc_tabs tab_hover=&#8221;yes&#8221; tab_switch=&#8221;yes&#8221; animation_active=&#8221;yes&#8221; typography=&#8221;advanced&#8221; tab_no_border=&#8221;yes&#8221; titles_size=&#8221;h5&#8243; titles_weight=&#8221;600&#8243; gutter_simple=&#8221;0&#8243; uncode_shortcode_id=&#8221;163184&#8243;][vc_tab gutter_size=&#8221;3&#8243; column_padding=&#8221;3&#8243; tab_id=&#8221;1672853583176-3-71715766374739c850-a7ce&#8221;][vc_separator sep_color=&#8221;&#8221; uncode_shortcode_id=&#8221;133420&#8243;][vc_row_inner limit_content=&#8221;&#8221;][vc_column_inner width=&#8221;3\/12&#8243;][vc_custom_heading text_color=&#8221;color-uydo&#8221; text_size=&#8221;h3&#8243; text_weight=&#8221;200&#8243; uncode_shortcode_id=&#8221;112312&#8243; text_color_type=&#8221;uncode-palette&#8221;]01[\/vc_custom_heading][\/vc_column_inner][vc_column_inner column_width_percent=&#8221;100&#8243; position_horizontal=&#8221;left&#8221; gutter_size=&#8221;3&#8243; overlay_alpha=&#8221;50&#8243; shift_x=&#8221;0&#8243; shift_y=&#8221;0&#8243; shift_y_down=&#8221;0&#8243; z_index=&#8221;0&#8243; medium_width=&#8221;0&#8243; mobile_width=&#8221;0&#8243; width=&#8221;6\/12&#8243; uncode_shortcode_id=&#8221;207529&#8243;][vc_custom_heading text_color=&#8221;color-wvjs&#8221; text_size=&#8221;h3&#8243; text_weight=&#8221;200&#8243; uncode_shortcode_id=&#8221;168737&#8243; text_color_type=&#8221;uncode-palette&#8221;]Vraag je laadpaal aan[\/vc_custom_heading][\/vc_column_inner][vc_column_inner column_width_percent=&#8221;100&#8243; position_vertical=&#8221;middle&#8221; align_horizontal=&#8221;align_right&#8221; gutter_size=&#8221;3&#8243; overlay_alpha=&#8221;50&#8243; shift_x=&#8221;0&#8243; shift_y=&#8221;0&#8243; shift_y_down=&#8221;0&#8243; z_index=&#8221;0&#8243; align_medium=&#8221;align_left_tablet&#8221; medium_width=&#8221;0&#8243; align_mobile=&#8221;align_left_mobile&#8221; mobile_width=&#8221;0&#8243; width=&#8221;3\/12&#8243; uncode_shortcode_id=&#8221;745492&#8243;][vc_button border_width=&#8221;0&#8243; scale_mobile=&#8221;no&#8221; uncode_shortcode_id=&#8221;945313&#8243;]Vraag je laadpaal aan[\/vc_button][\/vc_column_inner][\/vc_row_inner][vc_separator sep_color=&#8221;&#8221; uncode_shortcode_id=&#8221;133420&#8243;][vc_row_inner limit_content=&#8221;&#8221;][vc_column_inner width=&#8221;3\/12&#8243;][vc_custom_heading text_color=&#8221;color-uydo&#8221; text_size=&#8221;h3&#8243; text_weight=&#8221;200&#8243; uncode_shortcode_id=&#8221;200656&#8243; text_color_type=&#8221;uncode-palette&#8221;]02[\/vc_custom_heading][\/vc_column_inner][vc_column_inner width=&#8221;6\/12&#8243;][vc_custom_heading text_color=&#8221;color-wvjs&#8221; text_size=&#8221;h3&#8243; text_weight=&#8221;200&#8243; uncode_shortcode_id=&#8221;168737&#8243; text_color_type=&#8221;uncode-palette&#8221;]Vraag je laadpaal aan[\/vc_custom_heading][\/vc_column_inner][vc_column_inner column_width_percent=&#8221;100&#8243; position_vertical=&#8221;middle&#8221; align_horizontal=&#8221;align_right&#8221; gutter_size=&#8221;3&#8243; overlay_alpha=&#8221;50&#8243; shift_x=&#8221;0&#8243; shift_y=&#8221;0&#8243; shift_y_down=&#8221;0&#8243; z_index=&#8221;0&#8243; align_medium=&#8221;align_left_tablet&#8221; medium_width=&#8221;0&#8243; align_mobile=&#8221;align_left_mobile&#8221; mobile_width=&#8221;0&#8243; width=&#8221;3\/12&#8243; uncode_shortcode_id=&#8221;149749&#8243;][vc_button border_width=&#8221;0&#8243; scale_mobile=&#8221;no&#8221; uncode_shortcode_id=&#8221;945313&#8243;]Vraag je laadpaal aan[\/vc_button][\/vc_column_inner][\/vc_row_inner][vc_separator sep_color=&#8221;&#8221; uncode_shortcode_id=&#8221;133420&#8243;][vc_row_inner limit_content=&#8221;&#8221;][vc_column_inner width=&#8221;3\/12&#8243;][vc_custom_heading text_color=&#8221;color-uydo&#8221; text_size=&#8221;h3&#8243; text_weight=&#8221;200&#8243; uncode_shortcode_id=&#8221;170490&#8243; text_color_type=&#8221;uncode-palette&#8221;]03[\/vc_custom_heading][\/vc_column_inner][vc_column_inner width=&#8221;6\/12&#8243;][vc_custom_heading text_color=&#8221;color-wvjs&#8221; text_size=&#8221;h3&#8243; text_weight=&#8221;200&#8243; uncode_shortcode_id=&#8221;168737&#8243; text_color_type=&#8221;uncode-palette&#8221;]Vraag je laadpaal aan[\/vc_custom_heading][\/vc_column_inner][vc_column_inner column_width_percent=&#8221;100&#8243; position_vertical=&#8221;middle&#8221; align_horizontal=&#8221;align_right&#8221; gutter_size=&#8221;3&#8243; overlay_alpha=&#8221;50&#8243; shift_x=&#8221;0&#8243; shift_y=&#8221;0&#8243; shift_y_down=&#8221;0&#8243; z_index=&#8221;0&#8243; align_medium=&#8221;align_left_tablet&#8221; medium_width=&#8221;0&#8243; align_mobile=&#8221;align_left_mobile&#8221; mobile_width=&#8221;0&#8243; width=&#8221;3\/12&#8243; uncode_shortcode_id=&#8221;188771&#8243;][vc_button border_width=&#8221;0&#8243; scale_mobile=&#8221;no&#8221; uncode_shortcode_id=&#8221;945313&#8243;]Vraag je laadpaal aan[\/vc_button][\/vc_column_inner][\/vc_row_inner][vc_separator sep_color=&#8221;&#8221; uncode_shortcode_id=&#8221;823335&#8243;][\/vc_tab][\/vc_tabs][\/vc_column][\/vc_row]<\/p>\n<\/div>","protected":false},"excerpt":{"rendered":"<p>[vc_row row_height_percent=&#8221;0&#8243; override_padding=&#8221;yes&#8221; h_padding=&#8221;2&#8243; top_padding=&#8221;5&#8243; bottom_padding=&#8221;5&#8243; overlay_alpha=&#8221;50&#8243; gutter_size=&#8221;3&#8243; column_width_use_pixel=&#8221;yes&#8221; shift_y=&#8221;0&#8243; z_index=&#8221;0&#8243; content_parallax=&#8221;0&#8243; uncode_shortcode_id=&#8221;183402&#8243; column_width_pixel=&#8221;1200&#8243;][vc_column column_width_percent=&#8221;100&#8243; position_vertical=&#8221;bottom&#8221; gutter_size=&#8221;3&#8243; overlay_alpha=&#8221;50&#8243; shift_x=&#8221;0&#8243; shift_y=&#8221;0&#8243; [&hellip;]<\/p>\n","protected":false},"author":2,"featured_media":0,"parent":0,"menu_order":0,"comment_status":"closed","ping_status":"closed","template":"","meta":{"footnotes":""},"class_list":["post-39","page","type-page","status-publish","hentry"],"_links":{"self":[{"href":"https:\/\/mecharge.nl\/index.php?rest_route=\/wp\/v2\/pages\/39","targetHints":{"allow":["GET"]}}],"collection":[{"href":"https:\/\/mecharge.nl\/index.php?rest_route=\/wp\/v2\/pages"}],"about":[{"href":"https:\/\/mecharge.nl\/index.php?rest_route=\/wp\/v2\/types\/page"}],"author":[{"embeddable":true,"href":"https:\/\/mecharge.nl\/index.php?rest_route=\/wp\/v2\/users\/2"}],"replies":[{"embeddable":true,"href":"https:\/\/mecharge.nl\/index.php?rest_route=%2Fwp%2Fv2%2Fcomments&post=39"}],"version-history":[{"count":17,"href":"https:\/\/mecharge.nl\/index.php?rest_route=\/wp\/v2\/pages\/39\/revisions"}],"predecessor-version":[{"id":52,"href":"https:\/\/mecharge.nl\/index.php?rest_route=\/wp\/v2\/pages\/39\/revisions\/52"}],"wp:attachment":[{"href":"https:\/\/mecharge.nl\/index.php?rest_route=%2Fwp%2Fv2%2Fmedia&parent=39"}],"curies":[{"name":"wp","href":"https:\/\/api.w.org\/{rel}","templated":true}]}}